{"id":811,"date":"2017-06-27T11:40:59","date_gmt":"2017-06-27T11:40:59","guid":{"rendered":"http:\/\/dev.lanterna.ws\/?page_id=811\/"},"modified":"2023-04-02T12:40:17","modified_gmt":"2023-04-02T09:40:17","slug":"yhteystiedot","status":"publish","type":"page","link":"https:\/\/www.lanterna.ws\/fi\/yhteystiedot\/","title":{"rendered":"Yhteystiedot"},"content":{"rendered":"<div  class='av_gmaps_sc_main_wrap av_gmaps_main_wrap '><div id='av_gmap_0' class='avia-google-map-container avia-google-map-sc av_gmaps_show_unconditionally av-no-fallback-img ' data-mapid='av_gmap_0'  style='height: 400px;'><a class=\"av_gmaps_browser_disabled av_text_confirm_link av_text_confirm_link_visible\" href=\"https:\/\/www.google.com\/maps\/search\/?api=1&#038;query=parkv\u00e4gen%205%2021660%20nagu%20%20Finland\" target=\"_blank\">Maps were disabled by the visitor on this site. Click to open the map in a new window.<\/a><\/div><\/div>\n\n<style type=\"text\/css\" data-created_by=\"avia_inline_auto\" id=\"style-css-av-16kkoz-cef94e7a3bd6687e3ed88fde0c61fa85\">\n.flex_column.av-16kkoz-cef94e7a3bd6687e3ed88fde0c61fa85{\nborder-radius:0px 0px 0px 0px;\npadding:30px 30px 30px 30px;\nbackground-color:#ffffff;\n}\n<\/style>\n<div  class='flex_column av-16kkoz-cef94e7a3bd6687e3ed88fde0c61fa85 av_one_half  avia-builder-el-1  el_after_av_google_map  el_before_av_one_half  avia-builder-el-first  first flex_column_div  '     ><p>\n<style type=\"text\/css\" data-created_by=\"avia_inline_auto\" id=\"style-css-av-11j6ln-1128247a5b97eef2be27a4b509121a89\">\n#top .av-special-heading.av-11j6ln-1128247a5b97eef2be27a4b509121a89{\npadding-bottom:10px;\n}\nbody .av-special-heading.av-11j6ln-1128247a5b97eef2be27a4b509121a89 .av-special-heading-tag .heading-char{\nfont-size:25px;\n}\n.av-special-heading.av-11j6ln-1128247a5b97eef2be27a4b509121a89 .av-subheading{\nfont-size:15px;\n}\n<\/style>\n<div  class='av-special-heading av-11j6ln-1128247a5b97eef2be27a4b509121a89 av-special-heading-h1 blockquote modern-quote  avia-builder-el-2  el_before_av_textblock  avia-builder-el-first '><h1 class='av-special-heading-tag '  itemprop=\"headline\"  >Lanterna Hotel<\/h1><div class=\"special-heading-border\"><div class=\"special-heading-inner-border\"><\/div><\/div><\/div><br \/>\n<section  class='av_textblock_section av-y4ywr-cef66b434514e136dcebb86d1909c5be '   itemscope=\"itemscope\" itemtype=\"https:\/\/schema.org\/CreativeWork\" ><div class='avia_textblock'  itemprop=\"text\" ><p>Puistotie 5<\/p>\n<p>21660 Nauvo<\/p>\n<p>Puh. +358401503851<\/p>\n<p><strong><a href=\"mailto:info@lanterna.ws\">info@lanternahotel.fi<\/a><\/strong><\/p>\n<p>www.lanternahotel.fi<\/p>\n<h2>Et\u00e4isyys<\/h2>\n<p>Turku &#8211; Nauvo 56 km<br \/>\nParainen &#8211; Nauvo 33 km<br \/>\nHelsinki &#8211; Nauvo 206 km<br \/>\nTampere &#8211; Nauvo 213 km<\/p>\n<\/div><\/section><\/p><\/div>\n<style type=\"text\/css\" data-created_by=\"avia_inline_auto\" id=\"style-css-av-q2s5f-c829e1be64c910b27c3d36b934cc037e\">\n.flex_column.av-q2s5f-c829e1be64c910b27c3d36b934cc037e{\nborder-radius:0px 0px 0px 0px;\npadding:30px 30px 30px 30px;\nbackground-color:#ffffff;\n}\n<\/style>\n<div  class='flex_column av-q2s5f-c829e1be64c910b27c3d36b934cc037e av_one_half  avia-builder-el-4  el_after_av_one_half  avia-builder-el-last  flex_column_div  '     ><p>\n<style type=\"text\/css\" data-created_by=\"avia_inline_auto\" id=\"style-css-av-20w2z-bad1057752ebfc3aa2799952949a5993\">\n#top .av-special-heading.av-20w2z-bad1057752ebfc3aa2799952949a5993{\npadding-bottom:10px;\n}\nbody .av-special-heading.av-20w2z-bad1057752ebfc3aa2799952949a5993 .av-special-heading-tag .heading-char{\nfont-size:25px;\n}\n.av-special-heading.av-20w2z-bad1057752ebfc3aa2799952949a5993 .av-subheading{\nfont-size:15px;\n}\n<\/style>\n<div  class='av-special-heading av-20w2z-bad1057752ebfc3aa2799952949a5993 av-special-heading-h1 blockquote modern-quote  avia-builder-el-5  el_before_av_textblock  avia-builder-el-first '><h1 class='av-special-heading-tag '  itemprop=\"headline\"  >Ota yhteytt\u00e4<\/h1><div class=\"special-heading-border\"><div class=\"special-heading-inner-border\"><\/div><\/div><\/div><br \/>\n<section  class='av_textblock_section av-gqfcr-537702f28badebbcdff179c3b15b6a26 '   itemscope=\"itemscope\" itemtype=\"https:\/\/schema.org\/CreativeWork\" ><div class='avia_textblock'  itemprop=\"text\" ><p>T\u00e4ss\u00e4 voit antaa palautetta tai tehd\u00e4 varauskyselyn. Huomaa ett\u00e4 t\u00e4m\u00e4 ei ole virallinen varauslomake. \u00a0<strong><a href=\"https:\/\/www.lanterna.ws\/fi\/varaukset\/\">Voit tehd\u00e4 suoravaruksen t\u00e4st\u00e4 \u00bb<\/a><\/strong><\/p>\n<\/div><\/section><br \/>\n<section  class='av_textblock_section av-9jdqj-b8b651f5e2130253274fb9fd7acd0cf1 '   itemscope=\"itemscope\" itemtype=\"https:\/\/schema.org\/CreativeWork\" ><div class='avia_textblock'  itemprop=\"text\" ><div class=\"wpforms-container wpforms-container-full\" id=\"wpforms-1036\"><form id=\"wpforms-form-1036\" class=\"wpforms-validate wpforms-form\" data-formid=\"1036\" method=\"post\" enctype=\"multipart\/form-data\" action=\"\/fi\/wp-json\/wp\/v2\/pages\/811\" data-token=\"3a11b93b8e2ddb98f5756de8f03c98a8\" data-token-time=\"1776414608\"><noscript class=\"wpforms-error-noscript\">Please enable JavaScript in your browser to complete this form.<\/noscript><div class=\"wpforms-field-container\"><div id=\"wpforms-1036-field_0-container\" class=\"wpforms-field wpforms-field-name\" data-field-id=\"0\"><label class=\"wpforms-field-label\" for=\"wpforms-1036-field_0\">Nimi <span class=\"wpforms-required-label\">*<\/span><\/label><input type=\"text\" id=\"wpforms-1036-field_0\" class=\"wpforms-field-medium wpforms-field-required\" name=\"wpforms[fields][0]\" required><\/div><div id=\"wpforms-1036-field_1-container\" class=\"wpforms-field wpforms-field-email\" data-field-id=\"1\"><label class=\"wpforms-field-label\" for=\"wpforms-1036-field_1\">E-mail <span class=\"wpforms-required-label\">*<\/span><\/label><input type=\"email\" id=\"wpforms-1036-field_1\" class=\"wpforms-field-medium wpforms-field-required\" name=\"wpforms[fields][1]\" spellcheck=\"false\" required><\/div><div id=\"wpforms-1036-field_3-container\" class=\"wpforms-field wpforms-field-number\" data-field-id=\"3\"><label class=\"wpforms-field-label\" for=\"wpforms-1036-field_3\">Puhelin <span class=\"wpforms-required-label\">*<\/span><\/label><input type=\"number\" id=\"wpforms-1036-field_3\" class=\"wpforms-field-medium wpforms-field-required\" name=\"wpforms[fields][3]\" step=\"any\" required><\/div><div id=\"wpforms-1036-field_2-container\" class=\"wpforms-field wpforms-field-textarea\" data-field-id=\"2\"><label class=\"wpforms-field-label\" for=\"wpforms-1036-field_2\">Viesti<\/label><textarea id=\"wpforms-1036-field_2\" class=\"wpforms-field-medium\" name=\"wpforms[fields][2]\" ><\/textarea><\/div><div id=\"wpforms-1036-field_4-container\" class=\"wpforms-field wpforms-field-select wpforms-field-select-style-classic\" data-field-id=\"4\"><label class=\"wpforms-field-label\" for=\"wpforms-1036-field_4\">Saapuminen: P\u00c4IV\u00c4<\/label><select id=\"wpforms-1036-field_4\" class=\"wpforms-field-medium\" name=\"wpforms[fields][4]\"><option value=\"Valitse pvm\"  selected='selected' class=\"choice-32 depth-1\"  >Valitse pvm<\/option><option value=\"01\"  class=\"choice-34 depth-1\"  >01<\/option><option value=\"02\"  class=\"choice-14 depth-1\"  >02<\/option><option value=\"03\"  class=\"choice-13 depth-1\"  >03<\/option><option value=\"04\"  class=\"choice-12 depth-1\"  >04<\/option><option value=\"05\"  class=\"choice-11 depth-1\"  >05<\/option><option value=\"06\"  class=\"choice-10 depth-1\"  >06<\/option><option value=\"07\"  class=\"choice-9 depth-1\"  >07<\/option><option value=\"08\"  class=\"choice-8 depth-1\"  >08<\/option><option value=\"09\"  class=\"choice-7 depth-1\"  >09<\/option><option value=\"10\"  class=\"choice-6 depth-1\"  >10<\/option><option value=\"11\"  class=\"choice-5 depth-1\"  >11<\/option><option value=\"12\"  class=\"choice-4 depth-1\"  >12<\/option><option value=\"13\"  class=\"choice-2 depth-1\"  >13<\/option><option value=\"14\"  class=\"choice-19 depth-1\"  >14<\/option><option value=\"15\"  class=\"choice-18 depth-1\"  >15<\/option><option value=\"16\"  class=\"choice-17 depth-1\"  >16<\/option><option value=\"17\"  class=\"choice-16 depth-1\"  >17<\/option><option value=\"18\"  class=\"choice-15 depth-1\"  >18<\/option><option value=\"19\"  class=\"choice-3 depth-1\"  >19<\/option><option value=\"20\"  class=\"choice-27 depth-1\"  >20<\/option><option value=\"21\"  class=\"choice-26 depth-1\"  >21<\/option><option value=\"22\"  class=\"choice-25 depth-1\"  >22<\/option><option value=\"23\"  class=\"choice-24 depth-1\"  >23<\/option><option value=\"24\"  class=\"choice-23 depth-1\"  >24<\/option><option value=\"25\"  class=\"choice-22 depth-1\"  >25<\/option><option value=\"26\"  class=\"choice-21 depth-1\"  >26<\/option><option value=\"27\"  class=\"choice-20 depth-1\"  >27<\/option><option value=\"28\"  class=\"choice-30 depth-1\"  >28<\/option><option value=\"28\"  class=\"choice-29 depth-1\"  >28<\/option><option value=\"30\"  class=\"choice-28 depth-1\"  >30<\/option><option value=\"31\"  class=\"choice-33 depth-1\"  >31<\/option><\/select><\/div><div id=\"wpforms-1036-field_5-container\" class=\"wpforms-field wpforms-field-select wpforms-field-select-style-classic\" data-field-id=\"5\"><label class=\"wpforms-field-label\" for=\"wpforms-1036-field_5\">Saapuminen: KUUKAUSI<\/label><select id=\"wpforms-1036-field_5\" class=\"wpforms-field-medium\" name=\"wpforms[fields][5]\"><option value=\"Valitse kk\"  selected='selected' class=\"choice-1 depth-1\"  >Valitse kk<\/option><option value=\"Tammikuu\"  class=\"choice-13 depth-1\"  >Tammikuu<\/option><option value=\"Helmikuu\"  class=\"choice-2 depth-1\"  >Helmikuu<\/option><option value=\"Maaliskuu\"  class=\"choice-3 depth-1\"  >Maaliskuu<\/option><option value=\"Huhtikuu\"  class=\"choice-11 depth-1\"  >Huhtikuu<\/option><option value=\"Toukokuu\"  class=\"choice-10 depth-1\"  >Toukokuu<\/option><option value=\"Kes\u00e4kuu\"  class=\"choice-9 depth-1\"  >Kes\u00e4kuu<\/option><option value=\"Hein\u00e4kuu\"  class=\"choice-8 depth-1\"  >Hein\u00e4kuu<\/option><option value=\"Elokuu\"  class=\"choice-7 depth-1\"  >Elokuu<\/option><option value=\"Syyskuu\"  class=\"choice-6 depth-1\"  >Syyskuu<\/option><option value=\"Lokakuu\"  class=\"choice-5 depth-1\"  >Lokakuu<\/option><option value=\"Marraskuu\"  class=\"choice-4 depth-1\"  >Marraskuu<\/option><option value=\"Joulukuu\"  class=\"choice-12 depth-1\"  >Joulukuu<\/option><\/select><\/div><div id=\"wpforms-1036-field_6-container\" class=\"wpforms-field wpforms-field-select wpforms-field-select-style-classic\" data-field-id=\"6\"><label class=\"wpforms-field-label\" for=\"wpforms-1036-field_6\">Saapuminen : Vuosi<\/label><select id=\"wpforms-1036-field_6\" class=\"wpforms-field-medium\" name=\"wpforms[fields][6]\"><option value=\"Valitse vuosi\"  selected='selected' class=\"choice-1 depth-1\"  >Valitse vuosi<\/option><option value=\"2017\"  class=\"choice-4 depth-1\"  >2017<\/option><option value=\"2018\"  class=\"choice-2 depth-1\"  >2018<\/option><option value=\"2019\"  class=\"choice-3 depth-1\"  >2019<\/option><\/select><\/div><div id=\"wpforms-1036-field_8-container\" class=\"wpforms-field wpforms-field-select wpforms-field-select-style-classic\" data-field-id=\"8\"><label class=\"wpforms-field-label\" for=\"wpforms-1036-field_8\">Montako y\u00f6t\u00e4?<\/label><select id=\"wpforms-1036-field_8\" class=\"wpforms-field-medium\" name=\"wpforms[fields][8]\"><option value=\"Valitse \"  selected='selected' class=\"choice-1 depth-1\"  >Valitse<\/option><option value=\"1\"  class=\"choice-9 depth-1\"  >1<\/option><option value=\"2\"  class=\"choice-2 depth-1\"  >2<\/option><option value=\"2\"  class=\"choice-3 depth-1\"  >2<\/option><option value=\"4\"  class=\"choice-6 depth-1\"  >4<\/option><option value=\"5\"  class=\"choice-5 depth-1\"  >5<\/option><option value=\"6\"  class=\"choice-4 depth-1\"  >6<\/option><option value=\"7\"  class=\"choice-7 depth-1\"  >7<\/option><option value=\"Flera \u00e4n 7\"  class=\"choice-8 depth-1\"  >Flera \u00e4n 7<\/option><\/select><\/div><div id=\"wpforms-1036-field_9-container\" class=\"wpforms-field wpforms-field-select wpforms-field-select-style-classic\" data-field-id=\"9\"><label class=\"wpforms-field-label\" for=\"wpforms-1036-field_9\">Montako henkil\u00f6\u00e4<\/label><select id=\"wpforms-1036-field_9\" class=\"wpforms-field-medium\" name=\"wpforms[fields][9]\"><option value=\"Valitse\"  selected='selected' class=\"choice-1 depth-1\"  >Valitse<\/option><option value=\"1\"  class=\"choice-12 depth-1\"  >1<\/option><option value=\"2\"  class=\"choice-2 depth-1\"  >2<\/option><option value=\"3\"  class=\"choice-3 depth-1\"  >3<\/option><option value=\"4\"  class=\"choice-8 depth-1\"  >4<\/option><option value=\"5\"  class=\"choice-7 depth-1\"  >5<\/option><option value=\"6\"  class=\"choice-6 depth-1\"  >6<\/option><option value=\"7\"  class=\"choice-5 depth-1\"  >7<\/option><option value=\"8\"  class=\"choice-4 depth-1\"  >8<\/option><option value=\"9\"  class=\"choice-9 depth-1\"  >9<\/option><option value=\"10\"  class=\"choice-10 depth-1\"  >10<\/option><option value=\"Fler \u00e4n 10\"  class=\"choice-11 depth-1\"  >Fler \u00e4n 10<\/option><\/select><\/div><\/div><!-- .wpforms-field-container --><div class=\"wpforms-field wpforms-field-hp\"><label for=\"wpforms-1036-field-hp\" class=\"wpforms-field-label\">Name<\/label><input type=\"text\" name=\"wpforms[hp]\" id=\"wpforms-1036-field-hp\" class=\"wpforms-field-medium\"><\/div><div class=\"wpforms-recaptcha-container wpforms-is-hcaptcha\" ><div class=\"h-captcha\" data-sitekey=\"f7162726-0eee-4798-849c-6738f3dad1e6\"><\/div><input type=\"text\" name=\"g-recaptcha-hidden\" class=\"wpforms-recaptcha-hidden\" style=\"position:absolute!important;clip:rect(0,0,0,0)!important;height:1px!important;width:1px!important;border:0!important;overflow:hidden!important;padding:0!important;margin:0!important;\" data-rule-hcaptcha=\"1\"><\/div><div class=\"wpforms-submit-container\" ><input type=\"hidden\" name=\"wpforms[id]\" value=\"1036\"><input type=\"hidden\" name=\"page_title\" value=\"\"><input type=\"hidden\" name=\"page_url\" value=\"https:\/\/www.lanterna.ws\/fi\/wp-json\/wp\/v2\/pages\/811\"><input type=\"hidden\" name=\"url_referer\" value=\"\"><button type=\"submit\" name=\"wpforms[submit]\" id=\"wpforms-submit-1036\" class=\"wpforms-submit\" data-alt-text=\"L\u00e4hetet\u00e4\u00e4n\" data-submit-text=\"L\u00e4het\u00e4\" aria-live=\"assertive\" value=\"wpforms-submit\">L\u00e4het\u00e4<\/button><\/div><\/form><\/div>  <!-- .wpforms-container -->\n<\/div><\/section><\/p><\/div><\/p>\n","protected":false},"excerpt":{"rendered":"","protected":false},"author":1,"featured_media":0,"parent":0,"menu_order":0,"comment_status":"closed","ping_status":"closed","template":"","meta":{"footnotes":""},"class_list":["post-811","page","type-page","status-publish","hentry"],"yoast_head":"<!-- This site is optimized with the Yoast SEO plugin v27.3 - https:\/\/yoast.com\/product\/yoast-seo-wordpress\/ -->\n<title>Yhteystiedot - Lanterna Hotel | Nagu - Nauvo<\/title>\n<meta name=\"robots\" content=\"index, follow, max-snippet:-1, max-image-preview:large, max-video-preview:-1\" \/>\n<link rel=\"canonical\" href=\"https:\/\/www.lanterna.ws\/fi\/yhteystiedot\/\" \/>\n<meta property=\"og:locale\" content=\"fi_FI\" \/>\n<meta property=\"og:type\" content=\"article\" \/>\n<meta property=\"og:title\" content=\"Yhteystiedot - Lanterna Hotel | Nagu - Nauvo\" \/>\n<meta property=\"og:url\" content=\"https:\/\/www.lanterna.ws\/fi\/yhteystiedot\/\" \/>\n<meta property=\"og:site_name\" content=\"Lanterna Hotel | Nagu - Nauvo\" \/>\n<meta property=\"article:publisher\" content=\"https:\/\/www.facebook.com\/search\/top?q=lanternahotel\" \/>\n<meta property=\"article:modified_time\" content=\"2023-04-02T09:40:17+00:00\" \/>\n<meta name=\"twitter:card\" content=\"summary_large_image\" \/>\n<meta name=\"twitter:label1\" content=\"Arvioitu lukuaika\" \/>\n\t<meta name=\"twitter:data1\" content=\"1 minuutti\" \/>\n<script type=\"application\/ld+json\" class=\"yoast-schema-graph\">{\"@context\":\"https:\\\/\\\/schema.org\",\"@graph\":[{\"@type\":\"WebPage\",\"@id\":\"https:\\\/\\\/www.lanterna.ws\\\/fi\\\/yhteystiedot\\\/\",\"url\":\"https:\\\/\\\/www.lanterna.ws\\\/fi\\\/yhteystiedot\\\/\",\"name\":\"Yhteystiedot - Lanterna Hotel | Nagu - Nauvo\",\"isPartOf\":{\"@id\":\"https:\\\/\\\/www.lanterna.ws\\\/#website\"},\"datePublished\":\"2017-06-27T11:40:59+00:00\",\"dateModified\":\"2023-04-02T09:40:17+00:00\",\"breadcrumb\":{\"@id\":\"https:\\\/\\\/www.lanterna.ws\\\/fi\\\/yhteystiedot\\\/#breadcrumb\"},\"inLanguage\":\"fi\",\"potentialAction\":[{\"@type\":\"ReadAction\",\"target\":[\"https:\\\/\\\/www.lanterna.ws\\\/fi\\\/yhteystiedot\\\/\"]}]},{\"@type\":\"BreadcrumbList\",\"@id\":\"https:\\\/\\\/www.lanterna.ws\\\/fi\\\/yhteystiedot\\\/#breadcrumb\",\"itemListElement\":[{\"@type\":\"ListItem\",\"position\":1,\"name\":\"Home\",\"item\":\"https:\\\/\\\/www.lanterna.ws\\\/fi\\\/\"},{\"@type\":\"ListItem\",\"position\":2,\"name\":\"Yhteystiedot\"}]},{\"@type\":\"WebSite\",\"@id\":\"https:\\\/\\\/www.lanterna.ws\\\/#website\",\"url\":\"https:\\\/\\\/www.lanterna.ws\\\/\",\"name\":\"Lanterna Hotel | Nagu - Nauvo\",\"description\":\"Hotel in the centre of Nauvo\\\/Nagu\",\"publisher\":{\"@id\":\"https:\\\/\\\/www.lanterna.ws\\\/#organization\"},\"potentialAction\":[{\"@type\":\"SearchAction\",\"target\":{\"@type\":\"EntryPoint\",\"urlTemplate\":\"https:\\\/\\\/www.lanterna.ws\\\/?s={search_term_string}\"},\"query-input\":{\"@type\":\"PropertyValueSpecification\",\"valueRequired\":true,\"valueName\":\"search_term_string\"}}],\"inLanguage\":\"fi\"},{\"@type\":\"Organization\",\"@id\":\"https:\\\/\\\/www.lanterna.ws\\\/#organization\",\"name\":\"Lanterna Hotel | Nagu - Nauvo\",\"url\":\"https:\\\/\\\/www.lanterna.ws\\\/\",\"logo\":{\"@type\":\"ImageObject\",\"inLanguage\":\"fi\",\"@id\":\"https:\\\/\\\/www.lanterna.ws\\\/#\\\/schema\\\/logo\\\/image\\\/\",\"url\":\"https:\\\/\\\/www.lanterna.ws\\\/wp-content\\\/uploads\\\/2016\\\/04\\\/favicon.png\",\"contentUrl\":\"https:\\\/\\\/www.lanterna.ws\\\/wp-content\\\/uploads\\\/2016\\\/04\\\/favicon.png\",\"width\":69,\"height\":70,\"caption\":\"Lanterna Hotel | Nagu - Nauvo\"},\"image\":{\"@id\":\"https:\\\/\\\/www.lanterna.ws\\\/#\\\/schema\\\/logo\\\/image\\\/\"},\"sameAs\":[\"https:\\\/\\\/www.facebook.com\\\/search\\\/top?q=lanternahotel\"]}]}<\/script>\n<!-- \/ Yoast SEO plugin. -->","yoast_head_json":{"title":"Yhteystiedot - Lanterna Hotel | Nagu - Nauvo","robots":{"index":"index","follow":"follow","max-snippet":"max-snippet:-1","max-image-preview":"max-image-preview:large","max-video-preview":"max-video-preview:-1"},"canonical":"https:\/\/www.lanterna.ws\/fi\/yhteystiedot\/","og_locale":"fi_FI","og_type":"article","og_title":"Yhteystiedot - Lanterna Hotel | Nagu - Nauvo","og_url":"https:\/\/www.lanterna.ws\/fi\/yhteystiedot\/","og_site_name":"Lanterna Hotel | Nagu - Nauvo","article_publisher":"https:\/\/www.facebook.com\/search\/top?q=lanternahotel","article_modified_time":"2023-04-02T09:40:17+00:00","twitter_card":"summary_large_image","twitter_misc":{"Arvioitu lukuaika":"1 minuutti"},"schema":{"@context":"https:\/\/schema.org","@graph":[{"@type":"WebPage","@id":"https:\/\/www.lanterna.ws\/fi\/yhteystiedot\/","url":"https:\/\/www.lanterna.ws\/fi\/yhteystiedot\/","name":"Yhteystiedot - Lanterna Hotel | Nagu - Nauvo","isPartOf":{"@id":"https:\/\/www.lanterna.ws\/#website"},"datePublished":"2017-06-27T11:40:59+00:00","dateModified":"2023-04-02T09:40:17+00:00","breadcrumb":{"@id":"https:\/\/www.lanterna.ws\/fi\/yhteystiedot\/#breadcrumb"},"inLanguage":"fi","potentialAction":[{"@type":"ReadAction","target":["https:\/\/www.lanterna.ws\/fi\/yhteystiedot\/"]}]},{"@type":"BreadcrumbList","@id":"https:\/\/www.lanterna.ws\/fi\/yhteystiedot\/#breadcrumb","itemListElement":[{"@type":"ListItem","position":1,"name":"Home","item":"https:\/\/www.lanterna.ws\/fi\/"},{"@type":"ListItem","position":2,"name":"Yhteystiedot"}]},{"@type":"WebSite","@id":"https:\/\/www.lanterna.ws\/#website","url":"https:\/\/www.lanterna.ws\/","name":"Lanterna Hotel | Nagu - Nauvo","description":"Hotel in the centre of Nauvo\/Nagu","publisher":{"@id":"https:\/\/www.lanterna.ws\/#organization"},"potentialAction":[{"@type":"SearchAction","target":{"@type":"EntryPoint","urlTemplate":"https:\/\/www.lanterna.ws\/?s={search_term_string}"},"query-input":{"@type":"PropertyValueSpecification","valueRequired":true,"valueName":"search_term_string"}}],"inLanguage":"fi"},{"@type":"Organization","@id":"https:\/\/www.lanterna.ws\/#organization","name":"Lanterna Hotel | Nagu - Nauvo","url":"https:\/\/www.lanterna.ws\/","logo":{"@type":"ImageObject","inLanguage":"fi","@id":"https:\/\/www.lanterna.ws\/#\/schema\/logo\/image\/","url":"https:\/\/www.lanterna.ws\/wp-content\/uploads\/2016\/04\/favicon.png","contentUrl":"https:\/\/www.lanterna.ws\/wp-content\/uploads\/2016\/04\/favicon.png","width":69,"height":70,"caption":"Lanterna Hotel | Nagu - Nauvo"},"image":{"@id":"https:\/\/www.lanterna.ws\/#\/schema\/logo\/image\/"},"sameAs":["https:\/\/www.facebook.com\/search\/top?q=lanternahotel"]}]}},"_links":{"self":[{"href":"https:\/\/www.lanterna.ws\/fi\/wp-json\/wp\/v2\/pages\/811","targetHints":{"allow":["GET"]}}],"collection":[{"href":"https:\/\/www.lanterna.ws\/fi\/wp-json\/wp\/v2\/pages"}],"about":[{"href":"https:\/\/www.lanterna.ws\/fi\/wp-json\/wp\/v2\/types\/page"}],"author":[{"embeddable":true,"href":"https:\/\/www.lanterna.ws\/fi\/wp-json\/wp\/v2\/users\/1"}],"replies":[{"embeddable":true,"href":"https:\/\/www.lanterna.ws\/fi\/wp-json\/wp\/v2\/comments?post=811"}],"version-history":[{"count":12,"href":"https:\/\/www.lanterna.ws\/fi\/wp-json\/wp\/v2\/pages\/811\/revisions"}],"predecessor-version":[{"id":1581,"href":"https:\/\/www.lanterna.ws\/fi\/wp-json\/wp\/v2\/pages\/811\/revisions\/1581"}],"wp:attachment":[{"href":"https:\/\/www.lanterna.ws\/fi\/wp-json\/wp\/v2\/media?parent=811"}],"curies":[{"name":"wp","href":"https:\/\/api.w.org\/{rel}","templated":true}]}}